{"id":57,"date":"2025-09-10T06:29:13","date_gmt":"2025-09-10T06:29:13","guid":{"rendered":"http:\/\/ardechbois.fr\/?page_id=57"},"modified":"2025-09-15T14:03:37","modified_gmt":"2025-09-15T14:03:37","slug":"contact","status":"publish","type":"page","link":"https:\/\/ardechbois.fr\/?page_id=57","title":{"rendered":"Contact"},"content":{"rendered":"\n<div class=\"wp-block-group alignfull has-background-light-background-color has-background is-layout-constrained wp-container-core-group-is-layout-8e767831 wp-block-group-is-layout-constrained\" style=\"padding-top:120px;padding-right:var(--wp--preset--spacing--50);padding-bottom:120px;padding-left:var(--wp--preset--spacing--50)\">\n<div class=\"wp-block-columns is-layout-flex wp-container-core-columns-is-layout-cf05694f wp-block-columns-is-layout-flex\">\n<div class=\"wp-block-column is-layout-flow wp-block-column-is-layout-flow\" style=\"padding-bottom:40px;flex-basis:40%\">\n<h2 class=\"wp-block-heading has-medium-large-font-size\">Qui suis-je<\/h2>\n\n\n\n<p class=\"has-lead-font-size\"><strong>Remy Champetier Landenwetsch,<\/strong><\/p>\n\n\n\n<p class=\"has-lead-font-size\"><strong>Le bois s&#8217;est impos\u00e9 comme une \u00e9vidence lors de ma reconversion \u00e0 la F\u00e9d\u00e9ration Compagnonnique d&#8217;Echirolles en 2020.  <\/strong><\/p>\n\n\n\n<p class=\"has-lead-font-size\"><strong>Ard\u00e9chois de souche, j&#8217;ai continu\u00e9 de me former entre la Bretagne, Grenoble et la R\u00e9union avant de rentrer au bercail fin 2023.<\/strong> <\/p>\n\n\n\n<div class=\"wp-block-group is-vertical is-layout-flex wp-container-core-group-is-layout-f3a2fc10 wp-block-group-is-layout-flex\">\n<div class=\"wp-block-group is-nowrap is-layout-flex wp-container-core-group-is-layout-f01a8a75 wp-block-group-is-layout-flex\">\n<figure class=\"wp-block-image size-large no-shrink\"><img decoding=\"async\" src=\"http:\/\/ardechbois.fr\/wp-content\/themes\/ona\/assets\/img\/studio\/mail-line.svg\" alt=\"\" class=\"wp-image-328\"\/><\/figure>\n\n\n\n<div class=\"wp-block-group is-layout-constrained wp-container-core-group-is-layout-e0082cf6 wp-block-group-is-layout-constrained\">\n<h3 class=\"wp-block-heading has-lead-font-size\">Par Mail<\/h3>\n\n\n\n<p><a href=\"mailto:hello@onaagency.com\">ardechbois@orange.fr<\/a><\/p>\n<\/div>\n<\/div>\n\n\n\n<div class=\"wp-block-group is-nowrap is-layout-flex wp-container-core-group-is-layout-f01a8a75 wp-block-group-is-layout-flex\">\n<figure class=\"wp-block-image size-large\"><img decoding=\"async\" src=\"http:\/\/ardechbois.fr\/wp-content\/themes\/ona\/assets\/img\/studio\/smartphone-line.svg\" alt=\"\" class=\"wp-image-330\"\/><\/figure>\n\n\n\n<div class=\"wp-block-group is-layout-constrained wp-container-core-group-is-layout-e0082cf6 wp-block-group-is-layout-constrained\">\n<h3 class=\"wp-block-heading has-lead-font-size\">Par Telephone ou SMS<\/h3>\n\n\n\n<p>06 65 27 32 46<\/p>\n<\/div>\n<\/div>\n\n\n\n<div class=\"wp-block-group is-nowrap is-layout-flex wp-container-core-group-is-layout-f01a8a75 wp-block-group-is-layout-flex\">\n<figure class=\"wp-block-image size-large\"><img decoding=\"async\" src=\"http:\/\/ardechbois.fr\/wp-content\/themes\/ona\/assets\/img\/studio\/map-pin-line.svg\" alt=\"\" class=\"wp-image-329\"\/><\/figure>\n\n\n\n<div class=\"wp-block-group is-layout-constrained wp-container-core-group-is-layout-e0082cf6 wp-block-group-is-layout-constrained\">\n<h3 class=\"wp-block-heading has-lead-font-size\">Secteur<\/h3>\n\n\n\n<p>Bas\u00e9 sur Vals les Bains.<\/p>\n\n\n\n<p>Je me d\u00e9place pour toutes vos demandes, dans toute l&#8217;Ard\u00e8che M\u00e9ridionale.<\/p>\n<\/div>\n<\/div>\n<\/div>\n<\/div>\n\n\n\n<div class=\"wp-block-column is-layout-flow wp-block-column-is-layout-flow\" style=\"flex-basis:60%\">\n<div class=\"wp-block-group has-light-background-color has-background is-layout-constrained wp-container-core-group-is-layout-9db6c007 wp-block-group-is-layout-constrained\" style=\"border-radius:10px;padding-top:3rem;padding-right:3rem;padding-bottom:3rem;padding-left:3rem\">\n<h2 class=\"wp-block-heading has-medium-font-size\">Contactez-moi<\/h2>\n\n\n\n<p>Je prend toujours plaisir \u00e0 discuter de vos id\u00e9es et projets, n&#8217;h\u00e9sitez pas \u00e0 venir echanger!<\/p>\n<\/div>\n<\/div>\n<\/div>\n<\/div>\n","protected":false},"excerpt":{"rendered":"<p>Qui suis-je Remy Champetier Landenwetsch, Le bois s&#8217;est impos\u00e9 comme une \u00e9vidence lors de ma reconversion \u00e0 la F\u00e9d\u00e9ration Compagnonnique d&#8217;Echirolles en 2020. Ard\u00e9chois de souche, j&#8217;ai continu\u00e9 de me former entre la Bretagne, Grenoble et la R\u00e9union avant de rentrer au bercail fin 2023. Par Mail ardechbois@orange.fr Par Telephone ou SMS 06 65 27 [&hellip;]<\/p>\n","protected":false},"author":1,"featured_media":0,"parent":0,"menu_order":0,"comment_status":"closed","ping_status":"closed","template":"","meta":{"footnotes":""},"class_list":["post-57","page","type-page","status-publish","hentry"],"_links":{"self":[{"href":"https:\/\/ardechbois.fr\/index.php?rest_route=\/wp\/v2\/pages\/57","targetHints":{"allow":["GET"]}}],"collection":[{"href":"https:\/\/ardechbois.fr\/index.php?rest_route=\/wp\/v2\/pages"}],"about":[{"href":"https:\/\/ardechbois.fr\/index.php?rest_route=\/wp\/v2\/types\/page"}],"author":[{"embeddable":true,"href":"https:\/\/ardechbois.fr\/index.php?rest_route=\/wp\/v2\/users\/1"}],"replies":[{"embeddable":true,"href":"https:\/\/ardechbois.fr\/index.php?rest_route=%2Fwp%2Fv2%2Fcomments&post=57"}],"version-history":[{"count":4,"href":"https:\/\/ardechbois.fr\/index.php?rest_route=\/wp\/v2\/pages\/57\/revisions"}],"predecessor-version":[{"id":164,"href":"https:\/\/ardechbois.fr\/index.php?rest_route=\/wp\/v2\/pages\/57\/revisions\/164"}],"wp:attachment":[{"href":"https:\/\/ardechbois.fr\/index.php?rest_route=%2Fwp%2Fv2%2Fmedia&parent=57"}],"curies":[{"name":"wp","href":"https:\/\/api.w.org\/{rel}","templated":true}]}}